{"id":20405,"date":"2022-01-01T07:23:17","date_gmt":"2022-01-01T07:23:17","guid":{"rendered":"http:\/\/akelevaletleri.com\/wp\/?post_type=product&#038;p=20405"},"modified":"2022-02-27T22:03:42","modified_gmt":"2022-02-27T22:03:42","slug":"af382-af383-plateli-midi-firin","status":"publish","type":"product","link":"https:\/\/akelevaletleri.com\/?product=af382-af383-plateli-midi-firin","title":{"rendered":"AF382\/AF383 Plateli Midi F\u0131r\u0131n"},"content":{"rendered":"<p>\u00dcr\u00fcn A\u011f\u0131rl\u0131\u011f\u0131: 11,5 kg<br \/>\nAdet A\u011f\u0131rl\u0131\u011f\u0131: 12,5 kg<br \/>\nKoli A\u011f\u0131rl\u0131\u011f\u0131: 12,5 kg<br \/>\nKoli \u0130\u00e7i Adedi: 1<br \/>\nY\u00fckleme Bilgisi: 1x40HC (\u00b15%) 1&#215;680 Pcs.<br \/>\nKoli Ebad\u0131: 55x47x37<\/p>\n","protected":false},"excerpt":{"rendered":"<p>\u2022 G\u00fc\u00e7:1500+1000+1000watt ikili ve \u00fc\u00e7l\u00fc plateler<br \/>\n\u2022 38 lt. geni\u015f hacim<br \/>\n\u2022 50\u2013320 \u00b0C ayarlanabilir termostat<br \/>\n\u2022 0\u201390 dakikal\u0131k zil uyar\u0131l\u0131 saat<br \/>\n\u2022 3 kademe g\u00fc\u00e7 se\u00e7imi<br \/>\n\u2022 Is\u0131ya ve darbeye dayan\u0131kl\u0131 \u00f6n cam<br \/>\n\u2022 Elektrostatik boyal\u0131 d\u0131\u015f g\u00f6vde<br \/>\n\u2022 Emaye tepsi<\/p>\n","protected":false},"featured_media":20410,"template":"","meta":[],"product_cat":[186],"product_tag":[],"class_list":{"0":"post-20405","1":"product","2":"type-product","3":"status-publish","4":"has-post-thumbnail","6":"product_cat-midi-firinlar","9":"first","10":"instock","11":"shipping-taxable","12":"product-type-simple"},"_links":{"self":[{"href":"https:\/\/akelevaletleri.com\/index.php?rest_route=\/wp\/v2\/product\/20405"}],"collection":[{"href":"https:\/\/akelevaletleri.com\/index.php?rest_route=\/wp\/v2\/product"}],"about":[{"href":"https:\/\/akelevaletleri.com\/index.php?rest_route=\/wp\/v2\/types\/product"}],"version-history":[{"count":2,"href":"https:\/\/akelevaletleri.com\/index.php?rest_route=\/wp\/v2\/product\/20405\/revisions"}],"predecessor-version":[{"id":22112,"href":"https:\/\/akelevaletleri.com\/index.php?rest_route=\/wp\/v2\/product\/20405\/revisions\/22112"}],"wp:featuredmedia":[{"embeddable":true,"href":"https:\/\/akelevaletleri.com\/index.php?rest_route=\/wp\/v2\/media\/20410"}],"wp:attachment":[{"href":"https:\/\/akelevaletleri.com\/index.php?rest_route=%2Fwp%2Fv2%2Fmedia&parent=20405"}],"wp:term":[{"taxonomy":"product_cat","embeddable":true,"href":"https:\/\/akelevaletleri.com\/index.php?rest_route=%2Fwp%2Fv2%2Fproduct_cat&post=20405"},{"taxonomy":"product_tag","embeddable":true,"href":"https:\/\/akelevaletleri.com\/index.php?rest_route=%2Fwp%2Fv2%2Fproduct_tag&post=20405"}],"curies":[{"name":"wp","href":"https:\/\/api.w.org\/{rel}","templated":true}]}}