{"id":20479,"date":"2022-01-01T07:41:20","date_gmt":"2022-01-01T07:41:20","guid":{"rendered":"http:\/\/akelevaletleri.com\/wp\/?post_type=product&#038;p=20479"},"modified":"2022-02-28T20:44:07","modified_gmt":"2022-02-28T20:44:07","slug":"af380-termostatli-saatli-midi-firin-handmade","status":"publish","type":"product","link":"https:\/\/akelevaletleri.com\/?product=af380-termostatli-saatli-midi-firin-handmade","title":{"rendered":"AF380 Termostatl\u0131 Saatli Midi F\u0131r\u0131n Handmade"},"content":{"rendered":"<p>\u2022 \u00dcr\u00fcn A\u011f\u0131rl\u0131\u011f\u0131: 9,0 kg<br \/>\n\u2022 Adet A\u011f\u0131rl\u0131\u011f\u0131: 10,0 kg<br \/>\n\u2022 Koli A\u011f\u0131rl\u0131\u011f\u0131: 10,0 kg<br \/>\n\u2022 Koli \u0130\u00e7i Adedi: 1<br \/>\n\u2022 Y\u00fckleme Bilgisi: 1x40HC (\u00b15%) 1&#215;950 Pcs.<br \/>\n\u2022 Koli Ebad\u0131: 45&#215;51.5&#215;32.5 cm<\/p>\n","protected":false},"excerpt":{"rendered":"<p>\u2022 38 lt. geni\u015f hacim<br \/>\n\u2022 50\u2013320 \u00b0C ayarlanabilir termostat<br \/>\n\u2022 0\u201390 dakikal\u0131k zil uyar\u0131l\u0131 saat<br \/>\n\u2022 3 kademe g\u00fc\u00e7 se\u00e7imi<br \/>\n\u2022 Is\u0131ya ve darbeye dayan\u0131kl\u0131 \u00f6n cam<br \/>\n\u2022 El yap\u0131m\u0131 boyal\u0131 d\u0131\u015f g\u00f6vde<br \/>\n\u2022 Emaye tepsi<\/p>\n","protected":false},"featured_media":20481,"template":"","meta":[],"product_cat":[186],"product_tag":[],"class_list":{"0":"post-20479","1":"product","2":"type-product","3":"status-publish","4":"has-post-thumbnail","6":"product_cat-midi-firinlar","9":"first","10":"instock","11":"shipping-taxable","12":"product-type-simple"},"_links":{"self":[{"href":"https:\/\/akelevaletleri.com\/index.php?rest_route=\/wp\/v2\/product\/20479"}],"collection":[{"href":"https:\/\/akelevaletleri.com\/index.php?rest_route=\/wp\/v2\/product"}],"about":[{"href":"https:\/\/akelevaletleri.com\/index.php?rest_route=\/wp\/v2\/types\/product"}],"version-history":[{"count":4,"href":"https:\/\/akelevaletleri.com\/index.php?rest_route=\/wp\/v2\/product\/20479\/revisions"}],"predecessor-version":[{"id":22140,"href":"https:\/\/akelevaletleri.com\/index.php?rest_route=\/wp\/v2\/product\/20479\/revisions\/22140"}],"wp:featuredmedia":[{"embeddable":true,"href":"https:\/\/akelevaletleri.com\/index.php?rest_route=\/wp\/v2\/media\/20481"}],"wp:attachment":[{"href":"https:\/\/akelevaletleri.com\/index.php?rest_route=%2Fwp%2Fv2%2Fmedia&parent=20479"}],"wp:term":[{"taxonomy":"product_cat","embeddable":true,"href":"https:\/\/akelevaletleri.com\/index.php?rest_route=%2Fwp%2Fv2%2Fproduct_cat&post=20479"},{"taxonomy":"product_tag","embeddable":true,"href":"https:\/\/akelevaletleri.com\/index.php?rest_route=%2Fwp%2Fv2%2Fproduct_tag&post=20479"}],"curies":[{"name":"wp","href":"https:\/\/api.w.org\/{rel}","templated":true}]}}