{"id":20578,"date":"2022-01-01T08:23:41","date_gmt":"2022-01-01T08:23:41","guid":{"rendered":"http:\/\/akelevaletleri.com\/wp\/?post_type=product&#038;p=20578"},"modified":"2022-02-28T21:48:26","modified_gmt":"2022-02-28T21:48:26","slug":"ab670-sisli-izgara","status":"publish","type":"product","link":"https:\/\/akelevaletleri.com\/?product=ab670-sisli-izgara","title":{"rendered":"AB670 \u015ei\u015fli Izgara"},"content":{"rendered":"<p>\u2022 \u00dcr\u00fcn A\u011f\u0131rl\u0131\u011f\u0131: 2,1 kg<br \/>\n\u2022 Adet A\u011f\u0131rl\u0131\u011f\u0131: 2,6 kg<br \/>\n\u2022 Koli A\u011f\u0131rl\u0131\u011f\u0131: 11,4 kg<br \/>\n\u2022 Koli \u0130\u00e7i Adedi: 4<br \/>\n\u2022 Y\u00fckleme Bilgisi: 1x40HC (\u00b15%) 1&#215;2.810 Pcs.<br \/>\n\u2022 Koli Ebad\u0131: 58x44x40.5 cm<\/p>\n","protected":false},"excerpt":{"rendered":"<p>\u2022 G\u00fc\u00e7: 1200 Watt<br \/>\n\u2022 6 adet Krom &#8211; Nikel kaplamal\u0131 \u015fi\u015f<br \/>\n\u2022 Tek telli \u0131zgara<br \/>\n\u2022 \u00c7\u0131kar\u0131labilir rezistans<br \/>\n\u2022 Kokusuz ve dumans\u0131z pi\u015firme<br \/>\n\u2022 Al\u00fcminyum g\u00f6vde<\/p>\n","protected":false},"featured_media":20579,"template":"","meta":[],"product_cat":[192],"product_tag":[],"class_list":{"0":"post-20578","1":"product","2":"type-product","3":"status-publish","4":"has-post-thumbnail","6":"product_cat-izgara","9":"first","10":"instock","11":"shipping-taxable","12":"product-type-simple"},"_links":{"self":[{"href":"https:\/\/akelevaletleri.com\/index.php?rest_route=\/wp\/v2\/product\/20578"}],"collection":[{"href":"https:\/\/akelevaletleri.com\/index.php?rest_route=\/wp\/v2\/product"}],"about":[{"href":"https:\/\/akelevaletleri.com\/index.php?rest_route=\/wp\/v2\/types\/product"}],"version-history":[{"count":4,"href":"https:\/\/akelevaletleri.com\/index.php?rest_route=\/wp\/v2\/product\/20578\/revisions"}],"predecessor-version":[{"id":22185,"href":"https:\/\/akelevaletleri.com\/index.php?rest_route=\/wp\/v2\/product\/20578\/revisions\/22185"}],"wp:featuredmedia":[{"embeddable":true,"href":"https:\/\/akelevaletleri.com\/index.php?rest_route=\/wp\/v2\/media\/20579"}],"wp:attachment":[{"href":"https:\/\/akelevaletleri.com\/index.php?rest_route=%2Fwp%2Fv2%2Fmedia&parent=20578"}],"wp:term":[{"taxonomy":"product_cat","embeddable":true,"href":"https:\/\/akelevaletleri.com\/index.php?rest_route=%2Fwp%2Fv2%2Fproduct_cat&post=20578"},{"taxonomy":"product_tag","embeddable":true,"href":"https:\/\/akelevaletleri.com\/index.php?rest_route=%2Fwp%2Fv2%2Fproduct_tag&post=20578"}],"curies":[{"name":"wp","href":"https:\/\/api.w.org\/{rel}","templated":true}]}}