{"id":20608,"date":"2022-01-01T08:33:53","date_gmt":"2022-01-01T08:33:53","guid":{"rendered":"http:\/\/akelevaletleri.com\/wp\/?post_type=product&#038;p=20608"},"modified":"2022-02-28T22:01:27","modified_gmt":"2022-02-28T22:01:27","slug":"at610-yufka-katmer-saci","status":"publish","type":"product","link":"https:\/\/akelevaletleri.com\/?product=at610-yufka-katmer-saci","title":{"rendered":"AT610 Yufka Katmer Sac\u0131"},"content":{"rendered":"<p>\u2022 \u00dcr\u00fcn A\u011f\u0131rl\u0131\u011f\u0131: 3,9 kg<br \/>\n\u2022 Adet A\u011f\u0131rl\u0131\u011f\u0131: 4,4 kg<br \/>\n\u2022 Koli A\u011f\u0131rl\u0131\u011f\u0131: 4,4 kg<br \/>\n\u2022 Koli \u0130\u00e7i Adedi: 1<br \/>\n\u2022 Y\u00fckleme Bilgisi: 1x40HC (\u00b15%) 1&#215;2.400 Pcs.<br \/>\n\u2022 Koli Ebad\u0131: 47x47x21 cm<\/p>\n","protected":false},"excerpt":{"rendered":"<p>\u2022 G\u00fc\u00e7: 1550 Watt<br \/>\n\u2022 Birinci s\u0131n\u0131f \u0131s\u0131 izolasyonu<br \/>\n\u2022 Elektrostatik boyal\u0131 d\u0131\u015f g\u00f6vde<br \/>\n\u2022 Emaye kapl\u0131 geni\u015f \u00fcst y\u00fczey<br \/>\n\u2022 Kolay temizlenebilme ve pratik kullan\u0131m<\/p>\n","protected":false},"featured_media":20609,"template":"","meta":[],"product_cat":[194],"product_tag":[],"class_list":{"0":"post-20608","1":"product","2":"type-product","3":"status-publish","4":"has-post-thumbnail","6":"product_cat-katmer-saci","9":"first","10":"instock","11":"shipping-taxable","12":"product-type-simple"},"_links":{"self":[{"href":"https:\/\/akelevaletleri.com\/index.php?rest_route=\/wp\/v2\/product\/20608"}],"collection":[{"href":"https:\/\/akelevaletleri.com\/index.php?rest_route=\/wp\/v2\/product"}],"about":[{"href":"https:\/\/akelevaletleri.com\/index.php?rest_route=\/wp\/v2\/types\/product"}],"version-history":[{"count":3,"href":"https:\/\/akelevaletleri.com\/index.php?rest_route=\/wp\/v2\/product\/20608\/revisions"}],"predecessor-version":[{"id":22198,"href":"https:\/\/akelevaletleri.com\/index.php?rest_route=\/wp\/v2\/product\/20608\/revisions\/22198"}],"wp:featuredmedia":[{"embeddable":true,"href":"https:\/\/akelevaletleri.com\/index.php?rest_route=\/wp\/v2\/media\/20609"}],"wp:attachment":[{"href":"https:\/\/akelevaletleri.com\/index.php?rest_route=%2Fwp%2Fv2%2Fmedia&parent=20608"}],"wp:term":[{"taxonomy":"product_cat","embeddable":true,"href":"https:\/\/akelevaletleri.com\/index.php?rest_route=%2Fwp%2Fv2%2Fproduct_cat&post=20608"},{"taxonomy":"product_tag","embeddable":true,"href":"https:\/\/akelevaletleri.com\/index.php?rest_route=%2Fwp%2Fv2%2Fproduct_tag&post=20608"}],"curies":[{"name":"wp","href":"https:\/\/api.w.org\/{rel}","templated":true}]}}