{"id":20619,"date":"2022-01-01T08:37:15","date_gmt":"2022-01-01T08:37:15","guid":{"rendered":"http:\/\/akelevaletleri.com\/wp\/?post_type=product&#038;p=20619"},"modified":"2022-02-28T22:04:52","modified_gmt":"2022-02-28T22:04:52","slug":"at620-kusbasi-kavurma-saci","status":"publish","type":"product","link":"https:\/\/akelevaletleri.com\/?product=at620-kusbasi-kavurma-saci","title":{"rendered":"AT620 Ku\u015fba\u015f\u0131 Kavurma Sac\u0131"},"content":{"rendered":"<p>\u2022 \u00dcr\u00fcn A\u011f\u0131rl\u0131\u011f\u0131: 3,9 kg<br \/>\n\u2022 Adet A\u011f\u0131rl\u0131\u011f\u0131: 4,4 kg<br \/>\n\u2022 Koli A\u011f\u0131rl\u0131\u011f\u0131: 4,4 kg<br \/>\n\u2022 Koli \u0130\u00e7i Adedi: 1<br \/>\n\u2022 Y\u00fckleme Bilgisi: 1x40HC (\u00b15%) 1&#215;2.400 Pcs.<br \/>\n\u2022 Koli Ebad\u0131: 47x47x21 cm<\/p>\n","protected":false},"excerpt":{"rendered":"<p>\u2022 G\u00fc\u00e7: 1550 Watt<br \/>\n\u2022 Birinci s\u0131n\u0131f \u0131s\u0131 izolasyonu<br \/>\n\u2022 Elektrostatik boyal\u0131 d\u0131\u015f g\u00f6vde<br \/>\n\u2022 Emaye kapl\u0131 geni\u015f \u00fcst y\u00fczey<br \/>\n\u2022 Kolay temizlenebilme ve pratik kullan\u0131m<\/p>\n","protected":false},"featured_media":20620,"template":"","meta":[],"product_cat":[196],"product_tag":[],"class_list":{"0":"post-20619","1":"product","2":"type-product","3":"status-publish","4":"has-post-thumbnail","6":"product_cat-kavurma-saci","9":"first","10":"instock","11":"shipping-taxable","12":"product-type-simple"},"_links":{"self":[{"href":"https:\/\/akelevaletleri.com\/index.php?rest_route=\/wp\/v2\/product\/20619"}],"collection":[{"href":"https:\/\/akelevaletleri.com\/index.php?rest_route=\/wp\/v2\/product"}],"about":[{"href":"https:\/\/akelevaletleri.com\/index.php?rest_route=\/wp\/v2\/types\/product"}],"version-history":[{"count":3,"href":"https:\/\/akelevaletleri.com\/index.php?rest_route=\/wp\/v2\/product\/20619\/revisions"}],"predecessor-version":[{"id":22202,"href":"https:\/\/akelevaletleri.com\/index.php?rest_route=\/wp\/v2\/product\/20619\/revisions\/22202"}],"wp:featuredmedia":[{"embeddable":true,"href":"https:\/\/akelevaletleri.com\/index.php?rest_route=\/wp\/v2\/media\/20620"}],"wp:attachment":[{"href":"https:\/\/akelevaletleri.com\/index.php?rest_route=%2Fwp%2Fv2%2Fmedia&parent=20619"}],"wp:term":[{"taxonomy":"product_cat","embeddable":true,"href":"https:\/\/akelevaletleri.com\/index.php?rest_route=%2Fwp%2Fv2%2Fproduct_cat&post=20619"},{"taxonomy":"product_tag","embeddable":true,"href":"https:\/\/akelevaletleri.com\/index.php?rest_route=%2Fwp%2Fv2%2Fproduct_tag&post=20619"}],"curies":[{"name":"wp","href":"https:\/\/api.w.org\/{rel}","templated":true}]}}