{"id":20814,"date":"2022-01-02T14:17:02","date_gmt":"2022-01-02T14:17:02","guid":{"rendered":"http:\/\/akelevaletleri.com\/wp\/?post_type=product&#038;p=20814"},"modified":"2022-02-28T22:27:20","modified_gmt":"2022-02-28T22:27:20","slug":"as1210-toros-elektrikli-quartz-isitici","status":"publish","type":"product","link":"https:\/\/akelevaletleri.com\/?product=as1210-toros-elektrikli-quartz-isitici","title":{"rendered":"AS1210 Toros Elektrikli Quartz Is\u0131t\u0131c\u0131"},"content":{"rendered":"<p>\u2022 \u00dcr\u00fcn A\u011f\u0131rl\u0131\u011f\u0131: 5,7 kg<br \/>\n\u2022 Adet A\u011f\u0131rl\u0131\u011f\u0131: 6,93 kg<br \/>\n\u2022 Koli A\u011f\u0131rl\u0131\u011f\u0131: 6,93 kg<br \/>\n\u2022 Koli \u0130\u00e7i Adedi: 1<br \/>\n\u2022 Y\u00fckleme Bilgisi: 1x40HC (\u00b15%) 1X825 Pcs.<br \/>\n\u2022 Koli Ebad\u0131: 79&#215;52.5&#215;22 cm<\/p>\n","protected":false},"excerpt":{"rendered":"<p>\u2022 G\u00fc\u00e7: 2900 Watt<br \/>\n\u2022 5 adet quartz cam t\u00fcp rezistans<br \/>\n\u2022 4 ayr\u0131 g\u00fc\u00e7te kullan\u0131m<br \/>\n\u2022 Dekoratif \u00f6n koruyucu panel<br \/>\n\u2022 \u00d6zel ala\u015f\u0131ml\u0131 \u0131s\u0131 yans\u0131t\u0131c\u0131<br \/>\n\u2022 Devrilme emniyet sivi\u00e7li<br \/>\n\u2022 Ta\u015f\u0131nabilir<\/p>\n","protected":false},"featured_media":20815,"template":"","meta":[],"product_cat":[204],"product_tag":[],"class_list":{"0":"post-20814","1":"product","2":"type-product","3":"status-publish","4":"has-post-thumbnail","6":"product_cat-elektrikli-quartz-isitici","9":"first","10":"instock","11":"shipping-taxable","12":"product-type-simple"},"_links":{"self":[{"href":"https:\/\/akelevaletleri.com\/index.php?rest_route=\/wp\/v2\/product\/20814"}],"collection":[{"href":"https:\/\/akelevaletleri.com\/index.php?rest_route=\/wp\/v2\/product"}],"about":[{"href":"https:\/\/akelevaletleri.com\/index.php?rest_route=\/wp\/v2\/types\/product"}],"version-history":[{"count":3,"href":"https:\/\/akelevaletleri.com\/index.php?rest_route=\/wp\/v2\/product\/20814\/revisions"}],"predecessor-version":[{"id":22222,"href":"https:\/\/akelevaletleri.com\/index.php?rest_route=\/wp\/v2\/product\/20814\/revisions\/22222"}],"wp:featuredmedia":[{"embeddable":true,"href":"https:\/\/akelevaletleri.com\/index.php?rest_route=\/wp\/v2\/media\/20815"}],"wp:attachment":[{"href":"https:\/\/akelevaletleri.com\/index.php?rest_route=%2Fwp%2Fv2%2Fmedia&parent=20814"}],"wp:term":[{"taxonomy":"product_cat","embeddable":true,"href":"https:\/\/akelevaletleri.com\/index.php?rest_route=%2Fwp%2Fv2%2Fproduct_cat&post=20814"},{"taxonomy":"product_tag","embeddable":true,"href":"https:\/\/akelevaletleri.com\/index.php?rest_route=%2Fwp%2Fv2%2Fproduct_tag&post=20814"}],"curies":[{"name":"wp","href":"https:\/\/api.w.org\/{rel}","templated":true}]}}